{"id":1185,"date":"2023-11-09T11:55:52","date_gmt":"2023-11-09T10:55:52","guid":{"rendered":"https:\/\/forlopd.org\/?page_id=1185"},"modified":"2023-11-09T12:06:07","modified_gmt":"2023-11-09T11:06:07","slug":"acceso-canal-de-denuncias","status":"publish","type":"page","link":"https:\/\/forlopd.org\/index.php\/acceso-canal-de-denuncias\/","title":{"rendered":"Acceso Canal de denuncias"},"content":{"rendered":"\t\t<div data-elementor-type=\"wp-page\" data-elementor-id=\"1185\" class=\"elementor elementor-1185\">\n\t\t\t\t\t\t\t<div class=\"elementor-element elementor-element-cba38e5 e-flex e-con-boxed e-con e-parent\" data-id=\"cba38e5\" data-element_type=\"container\" data-settings=\"{&quot;content_width&quot;:&quot;boxed&quot;}\" data-core-v316-plus=\"true\">\n\t\t\t\t\t<div class=\"e-con-inner\">\n\t\t<div class=\"elementor-element elementor-element-8b45714 e-con-full e-flex e-con e-child\" data-id=\"8b45714\" data-element_type=\"container\" data-settings=\"{&quot;content_width&quot;:&quot;full&quot;}\">\n\t\t\t\t<div class=\"elementor-element elementor-element-b5bf1ad elementor-widget elementor-widget-image\" data-id=\"b5bf1ad\" data-element_type=\"widget\" data-widget_type=\"image.default\">\n\t\t\t\t<div class=\"elementor-widget-container\">\n\t\t\t<style>\/*! elementor - v3.16.0 - 17-10-2023 *\/\n.elementor-widget-image{text-align:center}.elementor-widget-image a{display:inline-block}.elementor-widget-image a img[src$=\".svg\"]{width:48px}.elementor-widget-image img{vertical-align:middle;display:inline-block}<\/style>\t\t\t\t\t\t\t\t\t\t\t\t<img loading=\"lazy\" decoding=\"async\" width=\"180\" height=\"180\" src=\"https:\/\/forlopd.org\/wp-content\/uploads\/2023\/11\/icono-canal-etico-180x180-1.png\" class=\"attachment-large size-large wp-image-1187\" alt=\"\" srcset=\"https:\/\/forlopd.org\/wp-content\/uploads\/2023\/11\/icono-canal-etico-180x180-1.png 180w, https:\/\/forlopd.org\/wp-content\/uploads\/2023\/11\/icono-canal-etico-180x180-1-150x150.png 150w\" sizes=\"auto, (max-width: 180px) 100vw, 180px\" \/>\t\t\t\t\t\t\t\t\t\t\t\t\t\t\t<\/div>\n\t\t\t\t<\/div>\n\t\t\t\t<\/div>\n\t\t<div class=\"elementor-element elementor-element-52e2fe2 e-con-full e-flex e-con e-child\" data-id=\"52e2fe2\" data-element_type=\"container\" data-settings=\"{&quot;content_width&quot;:&quot;full&quot;}\">\n\t\t\t\t<div class=\"elementor-element elementor-element-83afcf7 elementor-widget elementor-widget-heading\" data-id=\"83afcf7\" data-element_type=\"widget\" data-widget_type=\"heading.default\">\n\t\t\t\t<div class=\"elementor-widget-container\">\n\t\t\t<style>\/*! elementor - v3.16.0 - 17-10-2023 *\/\n.elementor-heading-title{padding:0;margin:0;line-height:1}.elementor-widget-heading .elementor-heading-title[class*=elementor-size-]>a{color:inherit;font-size:inherit;line-height:inherit}.elementor-widget-heading .elementor-heading-title.elementor-size-small{font-size:15px}.elementor-widget-heading .elementor-heading-title.elementor-size-medium{font-size:19px}.elementor-widget-heading .elementor-heading-title.elementor-size-large{font-size:29px}.elementor-widget-heading .elementor-heading-title.elementor-size-xl{font-size:39px}.elementor-widget-heading .elementor-heading-title.elementor-size-xxl{font-size:59px}<\/style><h1 class=\"elementor-heading-title elementor-size-default\">CANAL \u00c9TICO ASOCIACI\u00d3N FORLOPD<\/h1>\t\t<\/div>\n\t\t\t\t<\/div>\n\t\t\t\t<div class=\"elementor-element elementor-element-a5fdf71 elementor-widget elementor-widget-heading\" data-id=\"a5fdf71\" data-element_type=\"widget\" data-widget_type=\"heading.default\">\n\t\t\t\t<div class=\"elementor-widget-container\">\n\t\t\t<h4 class=\"elementor-heading-title elementor-size-large\">Herramienta para facilitar la creaci\u00f3n de denuncias de conductas irregulares o inapropiadas de la fundaci\u00f3n<\/h4>\t\t<\/div>\n\t\t\t\t<\/div>\n\t\t\t\t<\/div>\n\t\t\t\t\t<\/div>\n\t\t\t\t<\/div>\n\t\t<div class=\"elementor-element elementor-element-f2e9312 e-flex e-con-boxed e-con e-parent\" data-id=\"f2e9312\" data-element_type=\"container\" data-settings=\"{&quot;content_width&quot;:&quot;boxed&quot;}\" data-core-v316-plus=\"true\">\n\t\t\t\t\t<div class=\"e-con-inner\">\n\t\t<div class=\"elementor-element elementor-element-ed48d37 e-con-full e-flex e-con e-child\" data-id=\"ed48d37\" data-element_type=\"container\" data-settings=\"{&quot;content_width&quot;:&quot;full&quot;}\">\n\t\t\t\t<div class=\"elementor-element elementor-element-e5483b4 elementor-widget elementor-widget-heading\" data-id=\"e5483b4\" data-element_type=\"widget\" data-widget_type=\"heading.default\">\n\t\t\t\t<div class=\"elementor-widget-container\">\n\t\t\t<h3 class=\"elementor-heading-title elementor-size-default\">M\u00e1s informaci\u00f3n del Canal<\/h3>\t\t<\/div>\n\t\t\t\t<\/div>\n\t\t\t\t<div class=\"elementor-element elementor-element-8bc9a41 blog elementor-widget elementor-widget-text-editor\" data-id=\"8bc9a41\" data-element_type=\"widget\" data-widget_type=\"text-editor.default\">\n\t\t\t\t<div class=\"elementor-widget-container\">\n\t\t\t<style>\/*! elementor - v3.16.0 - 17-10-2023 *\/\n.elementor-widget-text-editor.elementor-drop-cap-view-stacked .elementor-drop-cap{background-color:#69727d;color:#fff}.elementor-widget-text-editor.elementor-drop-cap-view-framed .elementor-drop-cap{color:#69727d;border:3px solid;background-color:transparent}.elementor-widget-text-editor:not(.elementor-drop-cap-view-default) .elementor-drop-cap{margin-top:8px}.elementor-widget-text-editor:not(.elementor-drop-cap-view-default) .elementor-drop-cap-letter{width:1em;height:1em}.elementor-widget-text-editor .elementor-drop-cap{float:left;text-align:center;line-height:1;font-size:50px}.elementor-widget-text-editor .elementor-drop-cap-letter{display:inline-block}<\/style>\t\t\t\t<div class=\"elementor-element elementor-element-c581aa5 elementor-widget elementor-widget-heading\" data-id=\"c581aa5\" data-element_type=\"widget\" data-widget_type=\"heading.default\"><div class=\"elementor-widget-container\">\u00a0<\/div><\/div><div class=\"elementor-element elementor-element-9692a2e elementor-widget elementor-widget-text-editor\" data-id=\"9692a2e\" data-element_type=\"widget\" data-widget_type=\"text-editor.default\"><div class=\"elementor-widget-container\"><p class=\"zw-paragraph heading0\" data-linerule=\"auto\" data-line-height=\"1.5\" data-header=\"0\" data-textformat=\"{\" data-margin-left=\"0in\" data-text-indent=\"0in\" data-margin-bottom=\"0pt\" data-hd-info=\"0\" data-doc-id=\"2445502000006293504\" data-doc-type=\"writer\">El presente Sistema interno de informaci\u00f3n (canal de denuncias), ha sido implantado en Asociaci\u00f3n FORLOPD con la finalidad de constituir un mecanismo eficaz destinado a detectar las posibles irregularidades que pudieran poner en riesgo la reputaci\u00f3n e imagen de la organizaci\u00f3n, as\u00ed como para fomentar una cultura empresarial \u00e9tica, \u00edntegra y transparente que gobierne la actuaci\u00f3n de los profesionales de la organizaci\u00f3n, impulsando una cultura preventiva de actos il\u00edcitos y comprometida con el cumplimiento de las leyes y normas. Con las finalidades antedichas, a trav\u00e9s del Sistema de informaci\u00f3n cualquier persona con la que tenga relaci\u00f3n la entidad, podr\u00e1 comunicar la existencia de pr\u00e1cticas irregulares y de corrupci\u00f3n, permitiendo impulsar las pertinentes investigaciones que posibiliten acabar con dichos reprochables comportamientos.<\/p><p class=\"zw-paragraph heading0\" data-linerule=\"auto\" data-line-height=\"1.5\" data-header=\"0\" data-textformat=\"{\" data-margin-left=\"0in\" data-text-indent=\"0in\" data-margin-bottom=\"0pt\" data-hd-info=\"0\" data-doc-id=\"2445502000006293504\" data-doc-type=\"writer\">En correlaci\u00f3n a lo anteriormente expuesto, el presente canal se encuentra destinado a la comunicaci\u00f3n de denuncias relativas a\u00a0\u00a0conductas irregulares o inapropiadas tales como: el acoso sexual o laboral, conductas discriminatorias, condiciones laborales, conflictos de inter\u00e9s, blanqueo de capitales, fraude, tratos de favor, incumplimientos legales o contractuales, etc. Por ello, ser\u00e1n objeto de desestimaci\u00f3n aquellas denuncias que no supongan ning\u00fan il\u00edcito penal o \u00e9tico, aquellas que no se encuentren debidamente fundadas o fundamentadas, las realizadas de mala fe o que se encuentren en tramite o procedimiento judicial. De forma espec\u00edfica, se anuncia que<strong>\u00a0el Canal NO se encuentra destinado a los siguientes supuestos<\/strong>:<span class=\"EOP\">\u00a0<\/span><\/p><p class=\"zw-paragraph heading0\" data-linerule=\"auto\" data-line-height=\"1.5\" data-header=\"0\" data-textformat=\"{\" data-margin-left=\"0in\" data-text-indent=\"0in\" data-margin-bottom=\"0pt\" data-hd-info=\"0\">1.- Quejas o reclamaciones de clientes o proveedores. Estas situaciones deben ser tratadas a trav\u00e9s de los canales habituales de atenci\u00f3n al cliente o proveedor.<span class=\"EOP\">\u00a0<\/span><\/p><p class=\"zw-paragraph heading0\" data-linerule=\"auto\" data-line-height=\"1.5\" data-header=\"0\" data-textformat=\"{\" data-margin-left=\"0in\" data-text-indent=\"0in\" data-margin-bottom=\"0pt\" data-hd-info=\"0\">2.- Conflictos entre empleados. Las disputas entre empleados deben ser resueltas mediante los procedimientos internos de la empresa, como los mecanismos de mediaci\u00f3n o arbitraje.<span class=\"EOP\">\u00a0<\/span><\/p><p class=\"zw-paragraph heading0\" data-linerule=\"auto\" data-line-height=\"1.5\" data-header=\"0\" data-textformat=\"{\" data-margin-left=\"0in\" data-text-indent=\"0in\" data-margin-bottom=\"0pt\" data-hd-info=\"0\">3.- Asuntos personales no relacionados con la empresa. Los asuntos personales del personal que no est\u00e9n relacionados con la empresa no deben ser tratados a trav\u00e9s del canal de denuncias.<span class=\"EOP\">\u00a0<\/span><\/p><p class=\"zw-paragraph\" data-linerule=\"auto\" data-line-height=\"1.5\" data-textformat=\"{\" data-margin-left=\"0in\" data-text-indent=\"0in\" data-margin-bottom=\"0pt\">4.- Situaciones que no impliquen incumplimiento de normativas, C\u00f3digos \u00e9ticos o pol\u00edticas. El canal de denuncias debe ser utilizado exclusivamente para reportar conductas contrarias a la ley o las pol\u00edticas internas de la empresa.<\/p><p class=\"zw-paragraph\" data-linerule=\"auto\" data-line-height=\"1.5\" data-textformat=\"{\" data-margin-left=\"0in\" data-text-indent=\"0in\" data-margin-bottom=\"0pt\">\u00a0Para m\u00e1s informaci\u00f3n, puede consultar los \u00abDocumentos de referencia\u00bb insertados en la herramienta. Puede acceder a la misma\u00a0<a href=\"http:\/\/centinela.lefebvre.es\/public\/concept\/1778679?access=XI8O2gxVbDjTs0GdcgrGKNi1z05dsp0n3GKt0flRhpc%3d\" target=\"_blank\" rel=\"noopener\">haciendo clic aqu\u00ed.<\/a><\/p><\/div><\/div>\t\t\t\t\t\t<\/div>\n\t\t\t\t<\/div>\n\t\t\t\t<\/div>\n\t\t<div class=\"elementor-element elementor-element-7e830f8 e-con-full e-flex e-con e-child\" data-id=\"7e830f8\" data-element_type=\"container\" data-settings=\"{&quot;content_width&quot;:&quot;full&quot;}\">\n\t\t\t\t<div class=\"elementor-element elementor-element-35ba4dd elementor-widget elementor-widget-heading\" data-id=\"35ba4dd\" data-element_type=\"widget\" data-widget_type=\"heading.default\">\n\t\t\t\t<div class=\"elementor-widget-container\">\n\t\t\t<h3 class=\"elementor-heading-title elementor-size-default\">Acceso y uso del canal<\/h3>\t\t<\/div>\n\t\t\t\t<\/div>\n\t\t\t\t<div class=\"elementor-element elementor-element-ba28629 blog elementor-widget elementor-widget-text-editor\" data-id=\"ba28629\" data-element_type=\"widget\" data-widget_type=\"text-editor.default\">\n\t\t\t\t<div class=\"elementor-widget-container\">\n\t\t\t\t\t\t\t<p>El canal de denuncias debe ser utilizado exclusivamente para reportar conductas contrarias a la ley o las pol\u00edticas internas de las empresas que forman parte del Grupo FORLOPD.<\/p><p>Puede acceder haciendo click en el siguiente enlace o escaneando el c\u00f3digo QR:<\/p>\t\t\t\t\t\t<\/div>\n\t\t\t\t<\/div>\n\t\t\t\t<div class=\"elementor-element elementor-element-259c404 elementor-align-center elementor-widget elementor-widget-button\" data-id=\"259c404\" data-element_type=\"widget\" data-widget_type=\"button.default\">\n\t\t\t\t<div class=\"elementor-widget-container\">\n\t\t\t\t\t<div class=\"elementor-button-wrapper\">\n\t\t\t<a class=\"elementor-button elementor-button-link elementor-size-xl\" href=\"https:\/\/centinela.lefebvre.es\/public\/concept\/1778679?access=XI8O2gxVbDjTs0GdcgrGKNi1z05dsp0n3GKt0flRhpc%3D\" target=\"_blank\">\n\t\t\t\t\t\t<span class=\"elementor-button-content-wrapper\">\n\t\t\t\t\t\t<span class=\"elementor-button-text\">\u00bb Acceder al sistema interno de informaci\u00f3n<\/span>\n\t\t<\/span>\n\t\t\t\t\t<\/a>\n\t\t<\/div>\n\t\t\t\t<\/div>\n\t\t\t\t<\/div>\n\t\t\t\t<div class=\"elementor-element elementor-element-60e5914 elementor-widget elementor-widget-image\" data-id=\"60e5914\" data-element_type=\"widget\" data-widget_type=\"image.default\">\n\t\t\t\t<div class=\"elementor-widget-container\">\n\t\t\t\t\t\t\t\t\t\t\t\t\t\t\t<img loading=\"lazy\" decoding=\"async\" width=\"232\" height=\"231\" src=\"https:\/\/forlopd.org\/wp-content\/uploads\/2023\/11\/FORLOPD_denuncias_QR-1.png\" class=\"attachment-large size-large wp-image-1188\" alt=\"\" srcset=\"https:\/\/forlopd.org\/wp-content\/uploads\/2023\/11\/FORLOPD_denuncias_QR-1.png 232w, https:\/\/forlopd.org\/wp-content\/uploads\/2023\/11\/FORLOPD_denuncias_QR-1-150x150.png 150w\" sizes=\"auto, (max-width: 232px) 100vw, 232px\" \/>\t\t\t\t\t\t\t\t\t\t\t\t\t\t\t<\/div>\n\t\t\t\t<\/div>\n\t\t\t\t<\/div>\n\t\t\t\t\t<\/div>\n\t\t\t\t<\/div>\n\t\t\t\t\t\t\t<\/div>\n\t\t","protected":false},"excerpt":{"rendered":"<p>CANAL \u00c9TICO ASOCIACI\u00d3N FORLOPD Herramienta para facilitar la creaci\u00f3n de denuncias de conductas irregulares o inapropiadas de la fundaci\u00f3n M\u00e1s<\/p>\n","protected":false},"author":1,"featured_media":0,"parent":0,"menu_order":0,"comment_status":"closed","ping_status":"closed","template":"","meta":{"footnotes":""},"class_list":["post-1185","page","type-page","status-publish","hentry"],"_links":{"self":[{"href":"https:\/\/forlopd.org\/index.php\/wp-json\/wp\/v2\/pages\/1185","targetHints":{"allow":["GET"]}}],"collection":[{"href":"https:\/\/forlopd.org\/index.php\/wp-json\/wp\/v2\/pages"}],"about":[{"href":"https:\/\/forlopd.org\/index.php\/wp-json\/wp\/v2\/types\/page"}],"author":[{"embeddable":true,"href":"https:\/\/forlopd.org\/index.php\/wp-json\/wp\/v2\/users\/1"}],"replies":[{"embeddable":true,"href":"https:\/\/forlopd.org\/index.php\/wp-json\/wp\/v2\/comments?post=1185"}],"version-history":[{"count":4,"href":"https:\/\/forlopd.org\/index.php\/wp-json\/wp\/v2\/pages\/1185\/revisions"}],"predecessor-version":[{"id":1191,"href":"https:\/\/forlopd.org\/index.php\/wp-json\/wp\/v2\/pages\/1185\/revisions\/1191"}],"wp:attachment":[{"href":"https:\/\/forlopd.org\/index.php\/wp-json\/wp\/v2\/media?parent=1185"}],"curies":[{"name":"wp","href":"https:\/\/api.w.org\/{rel}","templated":true}]}}